{"id":4202,"date":"2022-10-11T17:05:59","date_gmt":"2022-10-11T15:05:59","guid":{"rendered":"https:\/\/www.opalinka.cz\/flora\/?page_id=4202"},"modified":"2025-12-19T12:57:52","modified_gmt":"2025-12-19T11:57:52","slug":"kontakt","status":"publish","type":"page","link":"https:\/\/www.opalinka.cz\/flora\/kontakt\/","title":{"rendered":"Kontakt"},"content":{"rendered":"<p>[et_pb_section fb_built=&#8220;1&#8243; fullwidth=&#8220;on&#8220; custom_padding_last_edited=&#8220;on|phone&#8220; next_background_color=&#8220;#ffffff&#8220; admin_label=&#8220;Header&#8220; _builder_version=&#8220;4.16&#8243; background_color=&#8220;#e6007d&#8220; background_image=&#8220;https:\/\/www.opalinka.cz\/flora\/wp-content\/uploads\/sites\/2\/2020\/02\/day_care_bg_02.png&#8220; parallax=&#8220;on&#8220; custom_margin=&#8220;||&#8220; custom_padding=&#8220;11vw|||||&#8220; custom_padding_tablet=&#8220;&#8220; custom_padding_phone=&#8220;28vw||||false|false&#8220; bottom_divider_style=&#8220;waves&#8220; bottom_divider_height=&#8220;2vw&#8220; bottom_divider_height_last_edited=&#8220;off|desktop&#8220; global_colors_info=&#8220;{}&#8220;][et_pb_fullwidth_header text_orientation=&#8220;center&#8220; content_max_width=&#8220;850px&#8220; _builder_version=&#8220;4.16&#8243; title_font=&#8220;Varela Round|700|||||||&#8220; title_font_size=&#8220;68px&#8220; title_line_height=&#8220;1.4em&#8220; content_font=&#8220;Open Sans||||||||&#8220; content_font_size=&#8220;18px&#8220; content_line_height=&#8220;1.8em&#8220; background_color=&#8220;rgba(126,190,197,0)&#8220; custom_button_one=&#8220;on&#8220; button_one_text_size=&#8220;16px&#8220; button_one_text_color=&#8220;#ff236c&#8220; button_one_bg_color=&#8220;#ffffff&#8220; button_one_border_width=&#8220;12px&#8220; button_one_border_color=&#8220;rgba(0,0,0,0)&#8220; button_one_border_radius=&#8220;50px&#8220; button_one_letter_spacing=&#8220;4px&#8220; button_one_font=&#8220;Varela Round|700||on|||||&#8220; button_one_use_icon=&#8220;off&#8220; custom_button_two=&#8220;on&#8220; button_two_text_size=&#8220;16px&#8220; button_two_text_color=&#8220;#ff236c&#8220; button_two_bg_color=&#8220;#ffffff&#8220; button_two_border_width=&#8220;12px&#8220; button_two_border_color=&#8220;#ffffff&#8220; button_two_border_radius=&#8220;50px&#8220; button_two_letter_spacing=&#8220;4px&#8220; button_two_font=&#8220;Varela Round|900||on|||||&#8220; button_two_use_icon=&#8220;off&#8220; min_height=&#8220;206px&#8220; custom_margin=&#8220;-105px||-3px|||&#8220; custom_padding=&#8220;0px||0px||true|&#8220; custom_padding_last_edited=&#8220;off|desktop&#8220; animation_style=&#8220;zoom&#8220; animation_intensity_zoom=&#8220;5%&#8220; title_font_size_tablet=&#8220;60px&#8220; title_font_size_phone=&#8220;40px&#8220; title_font_size_last_edited=&#8220;on|phone&#8220; content_font_size_tablet=&#8220;&#8220; content_font_size_phone=&#8220;16px&#8220; content_font_size_last_edited=&#8220;on|phone&#8220; custom_css_header_container=&#8220;width: 100%;&#8220; title_text_shadow_style=&#8220;preset1&#8243; title_text_shadow_blur_strength=&#8220;0.14em&#8220; title_text_shadow_color=&#8220;rgba(0,0,0,0.12)&#8220; box_shadow_style_button_one=&#8220;preset3&#8243; box_shadow_blur_button_one=&#8220;48px&#8220; button_one_letter_spacing_hover=&#8220;4px&#8220; button_two_letter_spacing_hover=&#8220;4px&#8220; global_colors_info=&#8220;{}&#8220; button_one_text_size__hover_enabled=&#8220;off&#8220; button_two_text_size__hover_enabled=&#8220;off&#8220; button_one_text_color__hover_enabled=&#8220;off&#8220; button_two_text_color__hover_enabled=&#8220;off&#8220; button_one_border_width__hover_enabled=&#8220;off&#8220; button_two_border_width__hover_enabled=&#8220;off&#8220; button_one_border_color__hover_enabled=&#8220;off&#8220; button_two_border_color__hover_enabled=&#8220;off&#8220; button_one_border_radius__hover_enabled=&#8220;off&#8220; button_two_border_radius__hover_enabled=&#8220;off&#8220; button_one_letter_spacing__hover_enabled=&#8220;on&#8220; button_one_letter_spacing__hover=&#8220;4px&#8220; button_two_letter_spacing__hover_enabled=&#8220;on&#8220; button_two_letter_spacing__hover=&#8220;4px&#8220; button_one_bg_color__hover_enabled=&#8220;off&#8220; button_two_bg_color__hover_enabled=&#8220;off&#8220; background_color__hover=&#8220;#7EBEC5&#8243; background_color__hover_enabled=&#8220;#7EBEC5&#8243; use_background_color_gradient__hover=&#8220;off&#8220; use_background_color_gradient__hover_enabled=&#8220;off&#8220; background_color_gradient_start__hover=&#8220;#2b87da&#8220; background_color_gradient_start__hover_enabled=&#8220;#2b87da&#8220; background_color_gradient_end__hover=&#8220;#29c4a9&#8243; background_color_gradient_end__hover_enabled=&#8220;#29c4a9&#8243; background_color_gradient_type__hover=&#8220;linear&#8220; background_color_gradient_type__hover_enabled=&#8220;linear&#8220; background_color_gradient_direction__hover=&#8220;180deg&#8220; background_color_gradient_direction__hover_enabled=&#8220;180deg&#8220; background_color_gradient_direction_radial__hover=&#8220;center&#8220; background_color_gradient_direction_radial__hover_enabled=&#8220;center&#8220; background_color_gradient_start_position__hover=&#8220;0%&#8220; background_color_gradient_start_position__hover_enabled=&#8220;0%&#8220; background_color_gradient_end_position__hover=&#8220;100%&#8220; background_color_gradient_end_position__hover_enabled=&#8220;100%&#8220; background_color_gradient_overlays_image__hover=&#8220;off&#8220; background_color_gradient_overlays_image__hover_enabled=&#8220;off&#8220; parallax__hover=&#8220;off&#8220; parallax__hover_enabled=&#8220;off&#8220; parallax_method__hover=&#8220;off&#8220; parallax_method__hover_enabled=&#8220;off&#8220; background_size__hover=&#8220;cover&#8220; background_size__hover_enabled=&#8220;cover&#8220; background_position__hover=&#8220;center&#8220; background_position__hover_enabled=&#8220;center&#8220; background_repeat__hover=&#8220;no-repeat&#8220; background_repeat__hover_enabled=&#8220;no-repeat&#8220; background_blend__hover=&#8220;normal&#8220; background_blend__hover_enabled=&#8220;normal&#8220; allow_player_pause__hover=&#8220;off&#8220; allow_player_pause__hover_enabled=&#8220;off&#8220; background_video_pause_outside_viewport__hover=&#8220;on&#8220; background_video_pause_outside_viewport__hover_enabled=&#8220;on&#8220; background_color_gradient_stops__hover=&#8220;#2b87da 0%|#29c4a9 100%&#8220;]<\/p>\n<h1>Kontakt<\/h1>\n<p>[\/et_pb_fullwidth_header][et_pb_fullwidth_image src=&#8220;https:\/\/www.opalinka.cz\/flora\/wp-content\/uploads\/sites\/2\/2020\/02\/day_care_img_06.png&#8220; _builder_version=&#8220;4.16&#8243; custom_margin=&#8220;-15vw|||||&#8220; custom_padding=&#8220;0px|||||&#8220; filter_brightness=&#8220;110%&#8220; animation_style=&#8220;slide&#8220; animation_direction=&#8220;bottom&#8220; animation_intensity_slide=&#8220;1%&#8220; global_colors_info=&#8220;{}&#8220;]<br \/>\n[\/et_pb_fullwidth_image][\/et_pb_section][et_pb_section fb_built=&#8220;1&#8243; admin_label=&#8220;Events&#8220; module_id=&#8220;prihlaska&#8220; _builder_version=&#8220;4.16&#8243; background_enable_color=&#8220;off&#8220; background_image=&#8220;https:\/\/www.opalinka.cz\/flora\/wp-content\/uploads\/sites\/2\/2020\/02\/shapes-bg-color-1.png&#8220; background_position=&#8220;top_center&#8220; custom_padding=&#8220;77px||54px|||&#8220; global_colors_info=&#8220;{}&#8220;][et_pb_row column_structure=&#8220;1_2,1_2&#8243; _builder_version=&#8220;4.16&#8243; global_colors_info=&#8220;{}&#8220;][et_pb_column type=&#8220;1_2&#8243; _builder_version=&#8220;4.16&#8243; global_colors_info=&#8220;{}&#8220;][et_pb_text _builder_version=&#8220;4.16&#8243; text_font=&#8220;||||||||&#8220; header_font=&#8220;||||||||&#8220; header_2_font=&#8220;Varela Round|700|||||||&#8220; header_2_text_align=&#8220;left&#8220; header_2_font_size=&#8220;50px&#8220; header_2_line_height=&#8220;1.2em&#8220; max_width=&#8220;1171px&#8220; module_alignment=&#8220;left&#8220; header_2_font_size_tablet=&#8220;50px&#8220; header_2_font_size_phone=&#8220;30px&#8220; header_2_font_size_last_edited=&#8220;on|phone&#8220; locked=&#8220;off&#8220; global_colors_info=&#8220;{}&#8220;]<\/p>\n<h2 style=\"text-align: center\">Pobo\u010dka Flora<\/h2>\n<p>[\/et_pb_text][et_pb_text _builder_version=&#8220;4.27.4&#8243; text_font=&#8220;Open Sans|300|||||||&#8220; text_font_size=&#8220;18px&#8220; global_colors_info=&#8220;{}&#8220;]<\/p>\n<p><strong>Opalinka mate\u0159sk\u00e1 \u0161kola a jesle s.r.o.<\/strong><\/p>\n<p>Slezsk\u00e1 1454\/117<\/p>\n<p>130 00 Praha 3 &#8211; Vinohrady<\/p>\n<p>I\u010cO: 03708411<\/p>\n<p>Mate\u0159sk\u00e1 \u0161kola: <a href=\"tel:+420722406020\">+420 773 529 404<\/a><\/p>\n<p>Jednatelka \u0161koly Elena \u0160arifov\u00e1: <a href=\"tel:+%20420773529411\">+420 773 529 411<\/a><\/p>\n<p><strong><a href=\"mailto:flora@opalinka.cz\">flora@opalinka.cz<\/a> <\/strong><strong><a href=\"https:\/\/www.opalinka.cz\/flora\/\"><\/a><\/strong><\/p>\n<p><strong><a href=\"https:\/\/www.opalinka.cz\/flora\/\">www.opalinka.cz\/flora\/<\/a> \u00a0<\/strong><\/p>\n<p>[\/et_pb_text][et_pb_text _builder_version=&#8220;4.16&#8243; text_font=&#8220;Open Sans|300|||||||&#8220; text_font_size=&#8220;18px&#8220; global_colors_info=&#8220;{}&#8220;]<\/p>\n<p><strong><\/strong><\/p>\n<p>[\/et_pb_text][\/et_pb_column][et_pb_column type=&#8220;1_2&#8243; _builder_version=&#8220;4.16&#8243; global_colors_info=&#8220;{}&#8220;][et_pb_text _builder_version=&#8220;4.16&#8243; text_font=&#8220;||||||||&#8220; header_font=&#8220;||||||||&#8220; header_2_font=&#8220;Varela Round|700|||||||&#8220; header_2_text_align=&#8220;left&#8220; header_2_font_size=&#8220;50px&#8220; header_2_line_height=&#8220;1.2em&#8220; max_width=&#8220;1171px&#8220; module_alignment=&#8220;left&#8220; header_2_font_size_tablet=&#8220;50px&#8220; header_2_font_size_phone=&#8220;30px&#8220; header_2_font_size_last_edited=&#8220;on|phone&#8220; locked=&#8220;off&#8220; global_colors_info=&#8220;{}&#8220;]<\/p>\n<h2 style=\"text-align: center\">Pobo\u010dka Bubene\u010d<\/h2>\n<p>[\/et_pb_text][et_pb_text _builder_version=&#8220;4.27.4&#8243; text_font=&#8220;Open Sans|300|||||||&#8220; text_font_size=&#8220;18px&#8220; global_colors_info=&#8220;{}&#8220;]<\/p>\n<p><strong>Opalinka mate\u0159sk\u00e1 \u0161kola a jesle s.r.o.<\/strong><\/p>\n<p>\u010cechova 587\/29<\/p>\n<p>170 00 Praha 7-Bubene\u010d<\/p>\n<p>I\u010cO: 03708411<\/p>\n<p>Mate\u0159sk\u00e1 \u0161kola: T\u0159\u00edda mlad\u0161\u00edch d\u011bt\u00ed: +420 773 529 407\u00a0<\/p>\n<p>\u00a0 \u00a0 \u00a0 \u00a0 \u00a0 \u00a0 \u00a0 \u00a0 \u00a0 \u00a0 \u00a0 \u00a0 \u00a0 \u00a0T\u0159\u00edda star\u0161\u00edch d\u011bt\u00ed: +420 773 529 452<\/p>\n<p>Jednatelka \u0161koly Elena \u0160arifov\u00e1: <a href=\"tel:+%20420773529411\">+420 773 529 411<\/a><\/p>\n<p><strong><a href=\"mailto:bubenec@opalinka.cz\">bubenec@opalinka.cz<\/a><\/strong><\/p>\n<p><a href=\"https:\/\/www.opalinka.cz\/bubenec\/%C2%A0\"><strong>www.opalinka.cz\/bubenec\/\u00a0<\/strong><\/a><\/p>\n<p><strong style=\"font-size: 18px\"><a href=\"https:\/\/www.opalinka.cz\/flora\/\"><\/a>\u00a0<\/strong><\/p>\n<p>[\/et_pb_text][\/et_pb_column][\/et_pb_row][\/et_pb_section][et_pb_section fb_built=&#8220;1&#8243; admin_label=&#8220;Contact Info&#8220; module_id=&#8220;kontakt&#8220; _builder_version=&#8220;4.2.2&#8243; background_color=&#8220;#fab400&#8243; background_image=&#8220;https:\/\/www.opalinka.cz\/flora\/wp-content\/uploads\/sites\/2\/2020\/02\/day_care_bg_02.png&#8220; background_position=&#8220;top_center&#8220; module_alignment=&#8220;right&#8220; min_height=&#8220;203px&#8220; custom_margin=&#8220;-4px|||||&#8220; custom_padding=&#8220;68vw||0px||false|false&#8220; top_divider_style=&#8220;waves&#8220; top_divider_color=&#8220;#ffffff&#8220; top_divider_height=&#8220;6vw&#8220; top_divider_repeat=&#8220;0.75x&#8220; top_divider_flip=&#8220;vertical&#8220; border_radii=&#8220;||||&#8220; box_shadow_style=&#8220;preset6&#8243; box_shadow_vertical=&#8220;100px&#8220; box_shadow_blur=&#8220;140px&#8220; box_shadow_spread=&#8220;-40px&#8220; box_shadow_color=&#8220;rgba(0,0,0,0.07)&#8220; global_module=&#8220;1416&#8243; saved_tabs=&#8220;all&#8220; global_colors_info=&#8220;{}&#8220;][et_pb_row column_structure=&#8220;1_3,2_3&#8243; _builder_version=&#8220;4.16&#8243; background_color=&#8220;rgba(255,255,255,0.56)&#8220; custom_margin=&#8220;||||false|false&#8220; custom_padding=&#8220;|20px||20px|false|false&#8220; global_colors_info=&#8220;{}&#8220;][et_pb_column type=&#8220;1_3&#8243; _builder_version=&#8220;4.16&#8243; global_colors_info=&#8220;{}&#8220;][et_pb_image src=&#8220;https:\/\/www.opalinka.cz\/flora\/wp-content\/uploads\/sites\/2\/2020\/02\/EU_Dotace_loga_web-1.png&#8220; _builder_version=&#8220;4.16&#8243; global_colors_info=&#8220;{}&#8220;][\/et_pb_image][\/et_pb_column][et_pb_column type=&#8220;2_3&#8243; _builder_version=&#8220;4.16&#8243; global_colors_info=&#8220;{}&#8220;][et_pb_text _builder_version=&#8220;4.16&#8243; global_colors_info=&#8220;{}&#8220;]<\/p>\n<p style=\"text-align: justify\"><span>Dovolujeme si V\u00e1s informovat, \u017ee se n\u00e1m poda\u0159ilo usp\u011bt s \u017e\u00e1dost\u00ed o dotaci z fond\u016f Evropsk\u00e9 unie, a to v r\u00e1mci Opera\u010dn\u00edho programu Jana Amose Komensk\u00e9ho (\u0160ablony IV. pro OPALINKA mate\u0159sk\u00e1 \u0161kola a jesle s.r.o., reg.\u010d\u00edslo je\u00a0CZ.02.02.XX\/00\/22_002\/0006357). Na\u0161im c\u00edlem je zvy\u0161ov\u00e1n\u00ed kvality, inkluzivity a \u00fa\u010dinnosti syst\u00e9mu vzd\u011bl\u00e1v\u00e1n\u00ed.\u00a0Person\u00e1ln\u00ed podpora dvojjazy\u010dn\u00e9ho asistenta pedagoga, usnadn\u011bn\u00ed p\u0159echodu d\u011bt\u00ed do M\u0160 a n\u00e1sledn\u011b do Z\u0160.\u00a0<\/span><\/p>\n<div id=\"content\">\n<section class=\"has-sky\" id=\"detail\">\n<div class=\"scrollable\">\n<div class=\"content\">\n<div class=\"message\" data-message-id=\"48017\">\n<div class=\"body apply-styles\" lang=\"cs\">\n<div id=\"-wm-signature\">\n<div><\/div>\n<\/div>\n<\/div>\n<\/div>\n<\/div>\n<\/div>\n<\/section>\n<\/div>\n<p><span><\/span><\/p>\n<p>[\/et_pb_text][\/et_pb_column][\/et_pb_row][\/et_pb_section]<\/p>\n","protected":false},"excerpt":{"rendered":"<p>Kontakt Pobo\u010dka FloraOpalinka mate\u0159sk\u00e1 \u0161kola a jesle s.r.o. Slezsk\u00e1 1454\/117 130 00 Praha 3 &#8211; Vinohrady I\u010cO: 03708411 Mate\u0159sk\u00e1 \u0161kola: +420 773 529 404 Jednatelka \u0161koly Elena \u0160arifov\u00e1: +420 773 529 411 flora@opalinka.cz www.opalinka.cz\/flora\/ \u00a0Pobo\u010dka Bubene\u010dOpalinka mate\u0159sk\u00e1 \u0161kola a jesle s.r.o. \u010cechova 587\/29 170 00 Praha 7-Bubene\u010d I\u010cO: 03708411 Mate\u0159sk\u00e1 \u0161kola: T\u0159\u00edda mlad\u0161\u00edch d\u011bt\u00ed: +420 [&hellip;]<\/p>\n","protected":false},"author":1,"featured_media":0,"parent":0,"menu_order":0,"comment_status":"closed","ping_status":"closed","template":"","meta":{"_et_pb_use_builder":"on","_et_pb_old_content":"","_et_gb_content_width":"","footnotes":""},"class_list":["post-4202","page","type-page","status-publish","hentry"],"yoast_head":"<!-- This site is optimized with the Yoast SEO plugin v26.6 - https:\/\/yoast.com\/wordpress\/plugins\/seo\/ -->\n<title>Kontakt | Opalinka Flora<\/title>\n<meta name=\"robots\" content=\"index, follow, max-snippet:-1, max-image-preview:large, max-video-preview:-1\" \/>\n<link rel=\"canonical\" href=\"https:\/\/www.opalinka.cz\/flora\/kontakt\/\" \/>\n<meta property=\"og:locale\" content=\"cs_CZ\" \/>\n<meta property=\"og:type\" content=\"article\" \/>\n<meta property=\"og:title\" content=\"Kontakt | Opalinka Flora\" \/>\n<meta property=\"og:description\" content=\"Kontakt Pobo\u010dka FloraOpalinka mate\u0159sk\u00e1 \u0161kola a jesle s.r.o. Slezsk\u00e1 1454\/117 130 00 Praha 3 - Vinohrady I\u010cO: 03708411 Mate\u0159sk\u00e1 \u0161kola: +420 773 529 404 Jednatelka \u0161koly Elena \u0160arifov\u00e1: +420 773 529 411 flora@opalinka.cz www.opalinka.cz\/flora\/ \u00a0Pobo\u010dka Bubene\u010dOpalinka mate\u0159sk\u00e1 \u0161kola a jesle s.r.o. \u010cechova 587\/29 170 00 Praha 7-Bubene\u010d I\u010cO: 03708411 Mate\u0159sk\u00e1 \u0161kola: T\u0159\u00edda mlad\u0161\u00edch d\u011bt\u00ed: +420 [&hellip;]\" \/>\n<meta property=\"og:url\" content=\"https:\/\/www.opalinka.cz\/flora\/kontakt\/\" \/>\n<meta property=\"og:site_name\" content=\"Opalinka Flora\" \/>\n<meta property=\"article:publisher\" content=\"https:\/\/www.facebook.com\/opalinka\/\" \/>\n<meta property=\"article:modified_time\" content=\"2025-12-19T11:57:52+00:00\" \/>\n<meta name=\"twitter:card\" content=\"summary_large_image\" \/>\n<script type=\"application\/ld+json\" class=\"yoast-schema-graph\">{\"@context\":\"https:\/\/schema.org\",\"@graph\":[{\"@type\":\"WebPage\",\"@id\":\"https:\/\/www.opalinka.cz\/flora\/kontakt\/\",\"url\":\"https:\/\/www.opalinka.cz\/flora\/kontakt\/\",\"name\":\"Kontakt | Opalinka Flora\",\"isPartOf\":{\"@id\":\"https:\/\/www.opalinka.cz\/flora\/#website\"},\"datePublished\":\"2022-10-11T15:05:59+00:00\",\"dateModified\":\"2025-12-19T11:57:52+00:00\",\"breadcrumb\":{\"@id\":\"https:\/\/www.opalinka.cz\/flora\/kontakt\/#breadcrumb\"},\"inLanguage\":\"cs\",\"potentialAction\":[{\"@type\":\"ReadAction\",\"target\":[\"https:\/\/www.opalinka.cz\/flora\/kontakt\/\"]}]},{\"@type\":\"BreadcrumbList\",\"@id\":\"https:\/\/www.opalinka.cz\/flora\/kontakt\/#breadcrumb\",\"itemListElement\":[{\"@type\":\"ListItem\",\"position\":1,\"name\":\"Dom\u016f\",\"item\":\"https:\/\/www.opalinka.cz\/flora\/\"},{\"@type\":\"ListItem\",\"position\":2,\"name\":\"Kontakt\"}]},{\"@type\":\"WebSite\",\"@id\":\"https:\/\/www.opalinka.cz\/flora\/#website\",\"url\":\"https:\/\/www.opalinka.cz\/flora\/\",\"name\":\"Opalinka Flora\",\"description\":\"Soukrom\u00e1 anglicko-\u010desk\u00e1 \u0161kolka Praha\",\"potentialAction\":[{\"@type\":\"SearchAction\",\"target\":{\"@type\":\"EntryPoint\",\"urlTemplate\":\"https:\/\/www.opalinka.cz\/flora\/?s={search_term_string}\"},\"query-input\":{\"@type\":\"PropertyValueSpecification\",\"valueRequired\":true,\"valueName\":\"search_term_string\"}}],\"inLanguage\":\"cs\"}]}<\/script>\n<!-- \/ Yoast SEO plugin. -->","yoast_head_json":{"title":"Kontakt | Opalinka Flora","robots":{"index":"index","follow":"follow","max-snippet":"max-snippet:-1","max-image-preview":"max-image-preview:large","max-video-preview":"max-video-preview:-1"},"canonical":"https:\/\/www.opalinka.cz\/flora\/kontakt\/","og_locale":"cs_CZ","og_type":"article","og_title":"Kontakt | Opalinka Flora","og_description":"Kontakt Pobo\u010dka FloraOpalinka mate\u0159sk\u00e1 \u0161kola a jesle s.r.o. Slezsk\u00e1 1454\/117 130 00 Praha 3 - Vinohrady I\u010cO: 03708411 Mate\u0159sk\u00e1 \u0161kola: +420 773 529 404 Jednatelka \u0161koly Elena \u0160arifov\u00e1: +420 773 529 411 flora@opalinka.cz www.opalinka.cz\/flora\/ \u00a0Pobo\u010dka Bubene\u010dOpalinka mate\u0159sk\u00e1 \u0161kola a jesle s.r.o. \u010cechova 587\/29 170 00 Praha 7-Bubene\u010d I\u010cO: 03708411 Mate\u0159sk\u00e1 \u0161kola: T\u0159\u00edda mlad\u0161\u00edch d\u011bt\u00ed: +420 [&hellip;]","og_url":"https:\/\/www.opalinka.cz\/flora\/kontakt\/","og_site_name":"Opalinka Flora","article_publisher":"https:\/\/www.facebook.com\/opalinka\/","article_modified_time":"2025-12-19T11:57:52+00:00","twitter_card":"summary_large_image","schema":{"@context":"https:\/\/schema.org","@graph":[{"@type":"WebPage","@id":"https:\/\/www.opalinka.cz\/flora\/kontakt\/","url":"https:\/\/www.opalinka.cz\/flora\/kontakt\/","name":"Kontakt | Opalinka Flora","isPartOf":{"@id":"https:\/\/www.opalinka.cz\/flora\/#website"},"datePublished":"2022-10-11T15:05:59+00:00","dateModified":"2025-12-19T11:57:52+00:00","breadcrumb":{"@id":"https:\/\/www.opalinka.cz\/flora\/kontakt\/#breadcrumb"},"inLanguage":"cs","potentialAction":[{"@type":"ReadAction","target":["https:\/\/www.opalinka.cz\/flora\/kontakt\/"]}]},{"@type":"BreadcrumbList","@id":"https:\/\/www.opalinka.cz\/flora\/kontakt\/#breadcrumb","itemListElement":[{"@type":"ListItem","position":1,"name":"Dom\u016f","item":"https:\/\/www.opalinka.cz\/flora\/"},{"@type":"ListItem","position":2,"name":"Kontakt"}]},{"@type":"WebSite","@id":"https:\/\/www.opalinka.cz\/flora\/#website","url":"https:\/\/www.opalinka.cz\/flora\/","name":"Opalinka Flora","description":"Soukrom\u00e1 anglicko-\u010desk\u00e1 \u0161kolka Praha","potentialAction":[{"@type":"SearchAction","target":{"@type":"EntryPoint","urlTemplate":"https:\/\/www.opalinka.cz\/flora\/?s={search_term_string}"},"query-input":{"@type":"PropertyValueSpecification","valueRequired":true,"valueName":"search_term_string"}}],"inLanguage":"cs"}]}},"_links":{"self":[{"href":"https:\/\/www.opalinka.cz\/flora\/wp-json\/wp\/v2\/pages\/4202","targetHints":{"allow":["GET"]}}],"collection":[{"href":"https:\/\/www.opalinka.cz\/flora\/wp-json\/wp\/v2\/pages"}],"about":[{"href":"https:\/\/www.opalinka.cz\/flora\/wp-json\/wp\/v2\/types\/page"}],"author":[{"embeddable":true,"href":"https:\/\/www.opalinka.cz\/flora\/wp-json\/wp\/v2\/users\/1"}],"replies":[{"embeddable":true,"href":"https:\/\/www.opalinka.cz\/flora\/wp-json\/wp\/v2\/comments?post=4202"}],"version-history":[{"count":10,"href":"https:\/\/www.opalinka.cz\/flora\/wp-json\/wp\/v2\/pages\/4202\/revisions"}],"predecessor-version":[{"id":4700,"href":"https:\/\/www.opalinka.cz\/flora\/wp-json\/wp\/v2\/pages\/4202\/revisions\/4700"}],"wp:attachment":[{"href":"https:\/\/www.opalinka.cz\/flora\/wp-json\/wp\/v2\/media?parent=4202"}],"curies":[{"name":"wp","href":"https:\/\/api.w.org\/{rel}","templated":true}]}}